{"id":51,"date":"2024-04-04T17:19:48","date_gmt":"2024-04-04T17:19:48","guid":{"rendered":"https:\/\/aepdron.com\/?page_id=51"},"modified":"2025-03-19T13:22:28","modified_gmt":"2025-03-19T13:22:28","slug":"aedronomo","status":"publish","type":"page","link":"https:\/\/aepdron.com\/en\/servicios\/aedronomo\/","title":{"rendered":"Aedr\u00f3nomo"},"content":{"rendered":"<div data-elementor-type=\"wp-page\" data-elementor-id=\"51\" class=\"elementor elementor-51\" data-elementor-post-type=\"page\">\n\t\t\t\t\t\t<section class=\"elementor-section elementor-top-section elementor-element elementor-element-8ad64be elementor-section-height-min-height elementor-section-items-bottom elementor-section-boxed elementor-section-height-default\" data-id=\"8ad64be\" data-element_type=\"section\" data-e-type=\"section\" data-settings=\"{&quot;background_background&quot;:&quot;classic&quot;,&quot;jet_parallax_layout_list&quot;:[]}\">\n\t\t\t\t\t\t<div class=\"elementor-container elementor-column-gap-default\">\n\t\t\t\t\t<div class=\"elementor-column elementor-col-50 elementor-top-column elementor-element elementor-element-c646570 elementor-invisible\" data-id=\"c646570\" data-element_type=\"column\" data-e-type=\"column\" data-settings=\"{&quot;background_background&quot;:&quot;classic&quot;,&quot;animation&quot;:&quot;fadeInLeft&quot;}\">\n\t\t\t<div class=\"elementor-widget-wrap elementor-element-populated\">\n\t\t\t\t\t\t<div class=\"elementor-element elementor-element-4ae7026 elementor-widget elementor-widget-heading\" data-id=\"4ae7026\" data-element_type=\"widget\" data-e-type=\"widget\" data-widget_type=\"heading.default\">\n\t\t\t\t<div class=\"elementor-widget-container\">\n\t\t\t\t\t<h1 class=\"elementor-heading-title elementor-size-default\">AEDR\u00f3nomo<sup>\u00ae<\/sup><\/h1>\t\t\t\t<\/div>\n\t\t\t\t<\/div>\n\t\t\t\t<div class=\"elementor-element elementor-element-bf18c87 elementor-widget elementor-widget-heading\" data-id=\"bf18c87\" data-element_type=\"widget\" data-e-type=\"widget\" data-widget_type=\"heading.default\">\n\t\t\t\t<div class=\"elementor-widget-container\">\n\t\t\t\t\t<h2 class=\"elementor-heading-title elementor-size-default\">Where the freedom of flying begins!<\/h2>\t\t\t\t<\/div>\n\t\t\t\t<\/div>\n\t\t\t\t<div class=\"elementor-element elementor-element-066bbde elementor-widget-divider--view-line elementor-widget elementor-widget-divider\" data-id=\"066bbde\" data-element_type=\"widget\" data-e-type=\"widget\" data-widget_type=\"divider.default\">\n\t\t\t\t<div class=\"elementor-widget-container\">\n\t\t\t\t\t\t\t<div class=\"elementor-divider\">\n\t\t\t<span class=\"elementor-divider-separator\">\n\t\t\t\t\t\t<\/span>\n\t\t<\/div>\n\t\t\t\t\t\t<\/div>\n\t\t\t\t<\/div>\n\t\t\t\t<div class=\"elementor-element elementor-element-660f716 elementor-widget elementor-widget-text-editor\" data-id=\"660f716\" data-element_type=\"widget\" data-e-type=\"widget\" data-widget_type=\"text-editor.default\">\n\t\t\t\t<div class=\"elementor-widget-container\">\n\t\t\t\t\t\t\t\t\t<p><span style=\"color: #c9ad44; font-size: 22px;\"><strong>It is the first space designed to fly drones.<\/strong><\/span><\/p><p>The first <b>AEDR\u00d3NOMO<sup>\u00ae<\/sup><\/b> of Spain, in addition to being an innovative project that will create positive and significant aspects in several key environments in the region, it is a space designed to promote the responsible and safe use of drones in our community.<\/p>\t\t\t\t\t\t\t\t<\/div>\n\t\t\t\t<\/div>\n\t\t\t\t<div class=\"elementor-element elementor-element-d2e0d31 elementor-align-center animated-slow elementor-invisible elementor-widget elementor-widget-button\" data-id=\"d2e0d31\" data-element_type=\"widget\" data-e-type=\"widget\" data-settings=\"{&quot;_animation&quot;:&quot;fadeInUp&quot;,&quot;_animation_delay&quot;:500}\" data-widget_type=\"button.default\">\n\t\t\t\t<div class=\"elementor-widget-container\">\n\t\t\t\t\t\t\t\t\t<div class=\"elementor-button-wrapper\">\n\t\t\t\t\t<a class=\"elementor-button elementor-button-link elementor-size-sm\" href=\"https:\/\/aepdron.com\/en\/contacto\/\">\n\t\t\t\t\t\t<span class=\"elementor-button-content-wrapper\">\n\t\t\t\t\t\t\t\t\t<span class=\"elementor-button-text\">DO YOU WANT TO KNOW MORE?<\/span>\n\t\t\t\t\t<\/span>\n\t\t\t\t\t<\/a>\n\t\t\t\t<\/div>\n\t\t\t\t\t\t\t\t<\/div>\n\t\t\t\t<\/div>\n\t\t\t\t\t<\/div>\n\t\t<\/div>\n\t\t\t\t<div class=\"elementor-column elementor-col-50 elementor-top-column elementor-element elementor-element-50cc2b5\" data-id=\"50cc2b5\" data-element_type=\"column\" data-e-type=\"column\">\n\t\t\t<div class=\"elementor-widget-wrap\">\n\t\t\t\t\t\t\t<\/div>\n\t\t<\/div>\n\t\t\t\t\t<\/div>\n\t\t<\/section>\n\t\t\t\t<section class=\"elementor-section elementor-top-section elementor-element elementor-element-de51e35 elementor-section-boxed elementor-section-height-default elementor-section-height-default\" data-id=\"de51e35\" data-element_type=\"section\" data-e-type=\"section\" data-settings=\"{&quot;jet_parallax_layout_list&quot;:[]}\">\n\t\t\t\t\t\t<div class=\"elementor-container elementor-column-gap-default\">\n\t\t\t\t\t<div class=\"elementor-column elementor-col-100 elementor-top-column elementor-element elementor-element-abae32b\" data-id=\"abae32b\" data-element_type=\"column\" data-e-type=\"column\">\n\t\t\t<div class=\"elementor-widget-wrap elementor-element-populated\">\n\t\t\t\t\t\t<div class=\"elementor-element elementor-element-92b6539 elementor-widget elementor-widget-heading\" data-id=\"92b6539\" data-element_type=\"widget\" data-e-type=\"widget\" data-widget_type=\"heading.default\">\n\t\t\t\t<div class=\"elementor-widget-container\">\n\t\t\t\t\t<h2 class=\"elementor-heading-title elementor-size-default\">AEDR\u00d3NOMO<sup>\u00ae<\/sup><br \/>An environment dedicated exclusively to flying drones. <\/h2>\t\t\t\t<\/div>\n\t\t\t\t<\/div>\n\t\t\t\t<div class=\"elementor-element elementor-element-8b52464 elementor-widget-divider--view-line elementor-widget elementor-widget-divider\" data-id=\"8b52464\" data-element_type=\"widget\" data-e-type=\"widget\" data-widget_type=\"divider.default\">\n\t\t\t\t<div class=\"elementor-widget-container\">\n\t\t\t\t\t\t\t<div class=\"elementor-divider\">\n\t\t\t<span class=\"elementor-divider-separator\">\n\t\t\t\t\t\t<\/span>\n\t\t<\/div>\n\t\t\t\t\t\t<\/div>\n\t\t\t\t<\/div>\n\t\t\t\t<div class=\"elementor-element elementor-element-569d858 elementor-widget elementor-widget-text-editor\" data-id=\"569d858\" data-element_type=\"widget\" data-e-type=\"widget\" data-widget_type=\"text-editor.default\">\n\t\t\t\t<div class=\"elementor-widget-container\">\n\t\t\t\t\t\t\t\t\t<p><em>The <b>AEDR\u00d3NOMO<sup>\u00ae<\/sup><\/b> It is an exclusive space for drone flying and offers a wide range of activities for enthusiasts, amateurs and professionals.<\/em><\/p>\t\t\t\t\t\t\t\t<\/div>\n\t\t\t\t<\/div>\n\t\t\t\t\t<\/div>\n\t\t<\/div>\n\t\t\t\t\t<\/div>\n\t\t<\/section>\n\t\t\t\t<section class=\"elementor-section elementor-top-section elementor-element elementor-element-4a8deef elementor-section-boxed elementor-section-height-default elementor-section-height-default\" data-id=\"4a8deef\" data-element_type=\"section\" data-e-type=\"section\" data-settings=\"{&quot;jet_parallax_layout_list&quot;:[]}\">\n\t\t\t\t\t\t<div class=\"elementor-container elementor-column-gap-wider\">\n\t\t\t\t\t<div class=\"elementor-column elementor-col-33 elementor-top-column elementor-element elementor-element-08c08e4 elementor-invisible\" data-id=\"08c08e4\" data-element_type=\"column\" data-e-type=\"column\" data-settings=\"{&quot;animation&quot;:&quot;fadeInLeft&quot;}\">\n\t\t\t<div class=\"elementor-widget-wrap elementor-element-populated\">\n\t\t\t\t\t\t<div class=\"elementor-element elementor-element-010e993 elementor-position-top elementor-widget elementor-widget-image-box\" data-id=\"010e993\" data-element_type=\"widget\" data-e-type=\"widget\" data-widget_type=\"image-box.default\">\n\t\t\t\t<div class=\"elementor-widget-container\">\n\t\t\t\t\t<div class=\"elementor-image-box-wrapper\"><figure class=\"elementor-image-box-img\"><img fetchpriority=\"high\" decoding=\"async\" width=\"300\" height=\"300\" src=\"https:\/\/aepdron.com\/wp-content\/uploads\/2024\/04\/drone-1-300x300.png\" class=\"attachment-medium size-medium wp-image-454\" alt=\"\" srcset=\"https:\/\/aepdron.com\/wp-content\/uploads\/2024\/04\/drone-1-300x300.png 300w, https:\/\/aepdron.com\/wp-content\/uploads\/2024\/04\/drone-1-100x100.png 100w, https:\/\/aepdron.com\/wp-content\/uploads\/2024\/04\/drone-1-150x150.png 150w, https:\/\/aepdron.com\/wp-content\/uploads\/2024\/04\/drone-1.png 512w\" sizes=\"(max-width: 300px) 100vw, 300px\" \/><\/figure><div class=\"elementor-image-box-content\"><h3 class=\"elementor-image-box-title\">Technology demonstrations<\/h3><p class=\"elementor-image-box-description\">Conduct demonstrations of new technologies and products related to drones. This may include displays of cutting-edge drones, aerial photography and videography accessories and equipment.<\/p><\/div><\/div>\t\t\t\t<\/div>\n\t\t\t\t<\/div>\n\t\t\t\t\t<\/div>\n\t\t<\/div>\n\t\t\t\t<div class=\"elementor-column elementor-col-33 elementor-top-column elementor-element elementor-element-1a3b595 elementor-invisible\" data-id=\"1a3b595\" data-element_type=\"column\" data-e-type=\"column\" data-settings=\"{&quot;animation&quot;:&quot;fadeInLeft&quot;}\">\n\t\t\t<div class=\"elementor-widget-wrap elementor-element-populated\">\n\t\t\t\t\t\t<div class=\"elementor-element elementor-element-ad1ea29 elementor-position-top elementor-widget elementor-widget-image-box\" data-id=\"ad1ea29\" data-element_type=\"widget\" data-e-type=\"widget\" data-widget_type=\"image-box.default\">\n\t\t\t\t<div class=\"elementor-widget-container\">\n\t\t\t\t\t<div class=\"elementor-image-box-wrapper\"><figure class=\"elementor-image-box-img\"><img decoding=\"async\" width=\"300\" height=\"300\" src=\"https:\/\/aepdron.com\/wp-content\/uploads\/2024\/04\/pin1-300x300.png\" class=\"attachment-medium size-medium wp-image-449\" alt=\"\" srcset=\"https:\/\/aepdron.com\/wp-content\/uploads\/2024\/04\/pin1-300x300.png 300w, https:\/\/aepdron.com\/wp-content\/uploads\/2024\/04\/pin1-100x100.png 100w, https:\/\/aepdron.com\/wp-content\/uploads\/2024\/04\/pin1-150x150.png 150w, https:\/\/aepdron.com\/wp-content\/uploads\/2024\/04\/pin1.png 512w\" sizes=\"(max-width: 300px) 100vw, 300px\" \/><\/figure><div class=\"elementor-image-box-content\"><h3 class=\"elementor-image-box-title\">Drone competitions<\/h3><p class=\"elementor-image-box-description\">Host events where pilots compete in drone races, skills tests, or speed and precision challenges.<\/p><\/div><\/div>\t\t\t\t<\/div>\n\t\t\t\t<\/div>\n\t\t\t\t\t<\/div>\n\t\t<\/div>\n\t\t\t\t<div class=\"elementor-column elementor-col-33 elementor-top-column elementor-element elementor-element-03e16b1 elementor-invisible\" data-id=\"03e16b1\" data-element_type=\"column\" data-e-type=\"column\" data-settings=\"{&quot;animation&quot;:&quot;fadeInLeft&quot;}\">\n\t\t\t<div class=\"elementor-widget-wrap elementor-element-populated\">\n\t\t\t\t\t\t<div class=\"elementor-element elementor-element-42d319e elementor-position-top elementor-widget elementor-widget-image-box\" data-id=\"42d319e\" data-element_type=\"widget\" data-e-type=\"widget\" data-widget_type=\"image-box.default\">\n\t\t\t\t<div class=\"elementor-widget-container\">\n\t\t\t\t\t<div class=\"elementor-image-box-wrapper\"><figure class=\"elementor-image-box-img\"><img decoding=\"async\" width=\"300\" height=\"300\" src=\"https:\/\/aepdron.com\/wp-content\/uploads\/2024\/04\/pilot-300x300.png\" class=\"attachment-medium size-medium wp-image-450\" alt=\"\" srcset=\"https:\/\/aepdron.com\/wp-content\/uploads\/2024\/04\/pilot-300x300.png 300w, https:\/\/aepdron.com\/wp-content\/uploads\/2024\/04\/pilot-100x100.png 100w, https:\/\/aepdron.com\/wp-content\/uploads\/2024\/04\/pilot-150x150.png 150w, https:\/\/aepdron.com\/wp-content\/uploads\/2024\/04\/pilot.png 512w\" sizes=\"(max-width: 300px) 100vw, 300px\" \/><\/figure><div class=\"elementor-image-box-content\"><h3 class=\"elementor-image-box-title\">flight training<\/h3><p class=\"elementor-image-box-description\">Training programs and courses for novice and experienced drone pilots. These courses can cover everything from basic flight concepts to advanced piloting and safety techniques.<\/p><\/div><\/div>\t\t\t\t<\/div>\n\t\t\t\t<\/div>\n\t\t\t\t\t<\/div>\n\t\t<\/div>\n\t\t\t\t\t<\/div>\n\t\t<\/section>\n\t\t\t\t<section class=\"elementor-section elementor-top-section elementor-element elementor-element-cca2b49 elementor-section-boxed elementor-section-height-default elementor-section-height-default\" data-id=\"cca2b49\" data-element_type=\"section\" data-e-type=\"section\" data-settings=\"{&quot;jet_parallax_layout_list&quot;:[]}\">\n\t\t\t\t\t\t<div class=\"elementor-container elementor-column-gap-wider\">\n\t\t\t\t\t<div class=\"elementor-column elementor-col-33 elementor-top-column elementor-element elementor-element-77a0dec elementor-invisible\" data-id=\"77a0dec\" data-element_type=\"column\" data-e-type=\"column\" data-settings=\"{&quot;animation&quot;:&quot;fadeInLeft&quot;}\">\n\t\t\t<div class=\"elementor-widget-wrap elementor-element-populated\">\n\t\t\t\t\t\t<div class=\"elementor-element elementor-element-564953b elementor-position-top elementor-widget elementor-widget-image-box\" data-id=\"564953b\" data-element_type=\"widget\" data-e-type=\"widget\" data-widget_type=\"image-box.default\">\n\t\t\t\t<div class=\"elementor-widget-container\">\n\t\t\t\t\t<div class=\"elementor-image-box-wrapper\"><figure class=\"elementor-image-box-img\"><img loading=\"lazy\" decoding=\"async\" width=\"300\" height=\"300\" src=\"https:\/\/aepdron.com\/wp-content\/uploads\/2024\/04\/maintenance-300x300.png\" class=\"attachment-medium size-medium wp-image-448\" alt=\"\" srcset=\"https:\/\/aepdron.com\/wp-content\/uploads\/2024\/04\/maintenance-300x300.png 300w, https:\/\/aepdron.com\/wp-content\/uploads\/2024\/04\/maintenance-100x100.png 100w, https:\/\/aepdron.com\/wp-content\/uploads\/2024\/04\/maintenance-150x150.png 150w, https:\/\/aepdron.com\/wp-content\/uploads\/2024\/04\/maintenance.png 512w\" sizes=\"(max-width: 300px) 100vw, 300px\" \/><\/figure><div class=\"elementor-image-box-content\"><h3 class=\"elementor-image-box-title\">Exhibitions and trade fairs<\/h3><p class=\"elementor-image-box-description\">Organize exhibitions and trade fairs where drone technology manufacturers, distributors and suppliers can showcase their products and services to the public and establish business contacts.<\/p><\/div><\/div>\t\t\t\t<\/div>\n\t\t\t\t<\/div>\n\t\t\t\t\t<\/div>\n\t\t<\/div>\n\t\t\t\t<div class=\"elementor-column elementor-col-33 elementor-top-column elementor-element elementor-element-41c9cfb elementor-invisible\" data-id=\"41c9cfb\" data-element_type=\"column\" data-e-type=\"column\" data-settings=\"{&quot;animation&quot;:&quot;fadeInLeft&quot;}\">\n\t\t\t<div class=\"elementor-widget-wrap elementor-element-populated\">\n\t\t\t\t\t\t<div class=\"elementor-element elementor-element-0d6b32a elementor-position-top elementor-widget elementor-widget-image-box\" data-id=\"0d6b32a\" data-element_type=\"widget\" data-e-type=\"widget\" data-widget_type=\"image-box.default\">\n\t\t\t\t<div class=\"elementor-widget-container\">\n\t\t\t\t\t<div class=\"elementor-image-box-wrapper\"><figure class=\"elementor-image-box-img\"><img loading=\"lazy\" decoding=\"async\" width=\"300\" height=\"300\" src=\"https:\/\/aepdron.com\/wp-content\/uploads\/2024\/04\/level-300x300.png\" class=\"attachment-medium size-medium wp-image-447\" alt=\"\" srcset=\"https:\/\/aepdron.com\/wp-content\/uploads\/2024\/04\/level-300x300.png 300w, https:\/\/aepdron.com\/wp-content\/uploads\/2024\/04\/level-100x100.png 100w, https:\/\/aepdron.com\/wp-content\/uploads\/2024\/04\/level-150x150.png 150w, https:\/\/aepdron.com\/wp-content\/uploads\/2024\/04\/level.png 512w\" sizes=\"(max-width: 300px) 100vw, 300px\" \/><\/figure><div class=\"elementor-image-box-content\"><h3 class=\"elementor-image-box-title\">Corporate and team building events<\/h3><p class=\"elementor-image-box-description\">Organize corporate events and team building activities that involve drone flying. These activities may include team drone building and piloting challenges.<\/p><\/div><\/div>\t\t\t\t<\/div>\n\t\t\t\t<\/div>\n\t\t\t\t\t<\/div>\n\t\t<\/div>\n\t\t\t\t<div class=\"elementor-column elementor-col-33 elementor-top-column elementor-element elementor-element-e88e22f elementor-invisible\" data-id=\"e88e22f\" data-element_type=\"column\" data-e-type=\"column\" data-settings=\"{&quot;animation&quot;:&quot;fadeInLeft&quot;}\">\n\t\t\t<div class=\"elementor-widget-wrap elementor-element-populated\">\n\t\t\t\t\t\t<div class=\"elementor-element elementor-element-591e477 elementor-position-top elementor-widget elementor-widget-image-box\" data-id=\"591e477\" data-element_type=\"widget\" data-e-type=\"widget\" data-widget_type=\"image-box.default\">\n\t\t\t\t<div class=\"elementor-widget-container\">\n\t\t\t\t\t<div class=\"elementor-image-box-wrapper\"><figure class=\"elementor-image-box-img\"><img loading=\"lazy\" decoding=\"async\" width=\"300\" height=\"300\" src=\"https:\/\/aepdron.com\/wp-content\/uploads\/2024\/04\/drone1-300x300.png\" class=\"attachment-medium size-medium wp-image-446\" alt=\"\" srcset=\"https:\/\/aepdron.com\/wp-content\/uploads\/2024\/04\/drone1-300x300.png 300w, https:\/\/aepdron.com\/wp-content\/uploads\/2024\/04\/drone1-100x100.png 100w, https:\/\/aepdron.com\/wp-content\/uploads\/2024\/04\/drone1-150x150.png 150w, https:\/\/aepdron.com\/wp-content\/uploads\/2024\/04\/drone1.png 512w\" sizes=\"(max-width: 300px) 100vw, 300px\" \/><\/figure><div class=\"elementor-image-box-content\"><h3 class=\"elementor-image-box-title\">Education and outreach<\/h3><p class=\"elementor-image-box-description\">Provide educational programs and outreach activities to promote awareness about the safe and responsible use of drones. This can include talks, workshops and interactive activities for people of all ages.<\/p><\/div><\/div>\t\t\t\t<\/div>\n\t\t\t\t<\/div>\n\t\t\t\t\t<\/div>\n\t\t<\/div>\n\t\t\t\t\t<\/div>\n\t\t<\/section>\n\t\t\t\t<section class=\"elementor-section elementor-top-section elementor-element elementor-element-e2a8fa5 elementor-section-boxed elementor-section-height-default elementor-section-height-default\" data-id=\"e2a8fa5\" data-element_type=\"section\" data-e-type=\"section\" data-settings=\"{&quot;background_background&quot;:&quot;classic&quot;,&quot;jet_parallax_layout_list&quot;:[]}\">\n\t\t\t\t\t\t<div class=\"elementor-container elementor-column-gap-default\">\n\t\t\t\t\t<div class=\"elementor-column elementor-col-100 elementor-top-column elementor-element elementor-element-f17c2a9 animated-slow elementor-invisible\" data-id=\"f17c2a9\" data-element_type=\"column\" data-e-type=\"column\" data-settings=\"{&quot;animation&quot;:&quot;fadeInRight&quot;}\">\n\t\t\t<div class=\"elementor-widget-wrap elementor-element-populated\">\n\t\t\t\t\t\t<div class=\"elementor-element elementor-element-3c8d435 elementor-widget elementor-widget-video\" data-id=\"3c8d435\" data-element_type=\"widget\" data-e-type=\"widget\" data-settings=\"{&quot;youtube_url&quot;:&quot;https:\\\/\\\/youtu.be\\\/dfv0dneTL78?feature=shared&quot;,&quot;video_type&quot;:&quot;youtube&quot;,&quot;controls&quot;:&quot;yes&quot;}\" data-widget_type=\"video.default\">\n\t\t\t\t<div class=\"elementor-widget-container\">\n\t\t\t\t\t\t\t<div class=\"elementor-wrapper elementor-open-inline\">\n\t\t\t<div class=\"elementor-video\"><\/div>\t\t<\/div>\n\t\t\t\t\t\t<\/div>\n\t\t\t\t<\/div>\n\t\t\t\t<div class=\"elementor-element elementor-element-c90bf24 elementor-align-center animated-slow elementor-invisible elementor-widget elementor-widget-button\" data-id=\"c90bf24\" data-element_type=\"widget\" data-e-type=\"widget\" data-settings=\"{&quot;_animation&quot;:&quot;fadeInUp&quot;,&quot;_animation_delay&quot;:500}\" data-widget_type=\"button.default\">\n\t\t\t\t<div class=\"elementor-widget-container\">\n\t\t\t\t\t\t\t\t\t<div class=\"elementor-button-wrapper\">\n\t\t\t\t\t<a class=\"elementor-button elementor-button-link elementor-size-sm\" href=\"https:\/\/aepdron.com\/en\/contacto\/\">\n\t\t\t\t\t\t<span class=\"elementor-button-content-wrapper\">\n\t\t\t\t\t\t\t\t\t<span class=\"elementor-button-text\">get informed without obligation<\/span>\n\t\t\t\t\t<\/span>\n\t\t\t\t\t<\/a>\n\t\t\t\t<\/div>\n\t\t\t\t\t\t\t\t<\/div>\n\t\t\t\t<\/div>\n\t\t\t\t\t<\/div>\n\t\t<\/div>\n\t\t\t\t\t<\/div>\n\t\t<\/section>\n\t\t\t\t<\/div>","protected":false},"excerpt":{"rendered":"<p>AEDR\u00f3nomo\u00ae \u00a1Donde empieza la libertad de volar! Es el primer espacio pensado para volar drones. El primer AEDR\u00d3NOMO\u00ae de Espa\u00f1a, adem\u00e1s de ser un proyecto innovador que crear\u00e1 aspectos positivos y significativos en varios entornos clave de la regi\u00f3n, es un espacio dise\u00f1ado para fomentar el uso responsable y seguro de drones en nuestra comunidad. [&hellip;]<\/p>\n","protected":false},"author":2,"featured_media":0,"parent":42,"menu_order":0,"comment_status":"closed","ping_status":"closed","template":"elementor_header_footer","meta":{"pmpro_default_level":"","_joinchat":[],"footnotes":""},"class_list":["post-51","page","type-page","status-publish","hentry","pmpro-has-access"],"_links":{"self":[{"href":"https:\/\/aepdron.com\/en\/wp-json\/wp\/v2\/pages\/51","targetHints":{"allow":["GET"]}}],"collection":[{"href":"https:\/\/aepdron.com\/en\/wp-json\/wp\/v2\/pages"}],"about":[{"href":"https:\/\/aepdron.com\/en\/wp-json\/wp\/v2\/types\/page"}],"author":[{"embeddable":true,"href":"https:\/\/aepdron.com\/en\/wp-json\/wp\/v2\/users\/2"}],"replies":[{"embeddable":true,"href":"https:\/\/aepdron.com\/en\/wp-json\/wp\/v2\/comments?post=51"}],"version-history":[{"count":51,"href":"https:\/\/aepdron.com\/en\/wp-json\/wp\/v2\/pages\/51\/revisions"}],"predecessor-version":[{"id":1272,"href":"https:\/\/aepdron.com\/en\/wp-json\/wp\/v2\/pages\/51\/revisions\/1272"}],"up":[{"embeddable":true,"href":"https:\/\/aepdron.com\/en\/wp-json\/wp\/v2\/pages\/42"}],"wp:attachment":[{"href":"https:\/\/aepdron.com\/en\/wp-json\/wp\/v2\/media?parent=51"}],"curies":[{"name":"wp","href":"https:\/\/api.w.org\/{rel}","templated":true}]}}