{"id":308,"date":"2024-04-25T16:51:29","date_gmt":"2024-04-25T16:51:29","guid":{"rendered":"https:\/\/aepdron.com\/?page_id=308"},"modified":"2024-04-25T16:55:27","modified_gmt":"2024-04-25T16:55:27","slug":"terminos-y-condiciones-de-membresia","status":"publish","type":"page","link":"https:\/\/aepdron.com\/en\/terminos-y-condiciones-de-membresia\/","title":{"rendered":"T\u00e9rminos y condiciones de membres\u00eda"},"content":{"rendered":"<div data-elementor-type=\"wp-page\" data-elementor-id=\"308\" class=\"elementor elementor-308\" data-elementor-post-type=\"page\">\n\t\t\t\t\t\t<section class=\"elementor-section elementor-top-section elementor-element elementor-element-c534169 elementor-section-height-min-height elementor-section-boxed elementor-section-height-default elementor-section-items-middle\" data-id=\"c534169\" data-element_type=\"section\" data-e-type=\"section\" data-settings=\"{&quot;background_background&quot;:&quot;classic&quot;,&quot;jet_parallax_layout_list&quot;:[]}\">\n\t\t\t\t\t\t\t<div class=\"elementor-background-overlay\"><\/div>\n\t\t\t\t\t\t\t<div class=\"elementor-container elementor-column-gap-default\">\n\t\t\t\t\t<div class=\"elementor-column elementor-col-100 elementor-top-column elementor-element elementor-element-a4f909b\" data-id=\"a4f909b\" data-element_type=\"column\" data-e-type=\"column\">\n\t\t\t<div class=\"elementor-widget-wrap elementor-element-populated\">\n\t\t\t\t\t\t\t<\/div>\n\t\t<\/div>\n\t\t\t\t\t<\/div>\n\t\t<\/section>\n\t\t\t\t<section class=\"elementor-section elementor-top-section elementor-element elementor-element-559d3b2 elementor-section-boxed elementor-section-height-default elementor-section-height-default\" data-id=\"559d3b2\" data-element_type=\"section\" data-e-type=\"section\" data-settings=\"{&quot;jet_parallax_layout_list&quot;:[]}\">\n\t\t\t\t\t\t<div class=\"elementor-container elementor-column-gap-default\">\n\t\t\t\t\t<div class=\"elementor-column elementor-col-100 elementor-top-column elementor-element elementor-element-ea56700\" data-id=\"ea56700\" data-element_type=\"column\" data-e-type=\"column\">\n\t\t\t<div class=\"elementor-widget-wrap elementor-element-populated\">\n\t\t\t\t\t\t<div class=\"elementor-element elementor-element-009a7a9 elementor-widget elementor-widget-text-editor\" data-id=\"009a7a9\" data-element_type=\"widget\" data-e-type=\"widget\" data-widget_type=\"text-editor.default\">\n\t\t\t\t<div class=\"elementor-widget-container\">\n\t\t\t\t\t\t\t\t\t<p>A continuaci\u00f3n, se expone el documento contractual que regir\u00e1 la adhesi\u00f3n a trav\u00e9s del sitio web&nbsp; de <strong>ASOCIACI\u00d3N ESPA\u00d1OLA DE PILOTOS DE DRON (AEPDRON), con CIF G56875511<\/strong>, y domicilio social en Madrid, Calle Crist\u00f3bal Bordi\u00fa, n\u00ba 22, CP 28023, inscrita en el Registro Nacional de Asociaciones, Grupo 1, Secci\u00f3n 1, N\u00famero Nacional 627265.&nbsp; La aceptaci\u00f3n del presente documento conlleva que el usuario:<\/p>\n<ol>\n<li>Ha le\u00eddo, entiende y comprende lo aqu\u00ed expuesto.<\/li>\n<li>Es una persona con capacidad suficiente para contratar.<\/li>\n<li>Asume todas las obligaciones aqu\u00ed dispuestas.<\/li>\n<\/ol>\n<p>Las presentes Condiciones tendr\u00e1n un per\u00edodo de validez indefinido y ser\u00e1n aplicables a todas las compras realizadas a trav\u00e9s del sitio web del prestador.<\/p>\n<p>El prestador se reserva el derecho de modificar unilateralmente dichas Condiciones, sin que ello pueda afectar a los bienes o promociones que fueron adquiridos previamente a la modificaci\u00f3n.<\/p>\n<p><strong>IDENTIDAD DE LAS PARTES<\/strong><\/p>\n<p>Por una parte, el proveedor de los bienes contratados por el usuario es <strong>ASOCIACI\u00d3N ESPA\u00d1OLA DE PILOTOS DE DRON, en adelante referida como \u00abAEPDRON<\/strong>, con CIF G56875511, y domicilio social en Madrid, Calle Crist\u00f3bal Bordi\u00fa, n\u00ba 22, CP 28023, inscrita en el Registro Nacional de Asociaciones, Grupo 1, Secci\u00f3n 1, N\u00famero Nacional 627265 y correo electr\u00f3nico <a href=\"mailto:aepdron@aepdron.com\">aepdron@aepdron.com<\/a>, (en adelante el <strong>PRESTADOR<\/strong>).<\/p>\n<p>Y de otra, el usuario, ya sea como mero usuario o registrado en el sitio web mediante un nombre de usuario y contrase\u00f1a, sobre los que tiene responsabilidad plena de uso y custodia, siendo responsable de la veracidad de los datos personales facilitados al prestador.<\/p>\n<p><strong>PROCEDIMIENTO DE CONTRATACI\u00d3N O ADHESI\u00d3N A LA MEMBRES\u00cdA&nbsp; <\/strong><\/p>\n<p>Usted podr\u00e1 realizar su contrataci\u00f3n o adhesi\u00f3n de una nueva membres\u00eda (24h\/d\u00eda, 365 d\u00edas al a\u00f1o). No es obligatorio que el usuario registre una cuenta en el dominio, pudiendo realizarlos como invitado, si bien podr\u00eda registrarse y optar, en el futuro a determinados beneficios.<\/p>\n<p>Registrar una cuenta personal permitir\u00e1 al usuario tener sus datos registrados para no tener que cumplimentarlos de nuevo a la hora de realizar un nuevo pedido.<\/p>\n<p>El usuario declara que es mayor de edad y dispone de capacidad legal necesaria, de acuerdo con las condiciones m\u00e1s abajo desglosadas, las cuales declara comprender y aceptar. El Prestador se reserva el derecho a realizar las verificaciones que crea oportunas en caso de duda sobre la edad del usuario, siempre teniendo en cuenta que se tratar\u00e1 de esfuerzos razonables, sin que pueda asumir responsabilidad alguna en caso de falta de veracidad de los datos.<\/p>\n<p>Se informa que de conformidad con lo exigido por el art\u00edculo 27 de la Ley 34\/2002, de Servicios de la Sociedad de la Informaci\u00f3n y del Comercio Electr\u00f3nico, el procedimiento de contrataci\u00f3n seguir\u00e1 los siguientes pasos:<\/p>\n<ol>\n<li>Una vez el usuario acceda a la web y seleccione una de las opciones de membres\u00eda puesto a disposici\u00f3n, el pedido se a\u00f1adir\u00e1 al carro de la compra.<\/li>\n<li>El procedimiento de alta como miembro de AEPDRON incluye completar el formulario de inscripci\u00f3n y seleccionar la membres\u00eda en concreto.<\/li>\n<li>Posteriormente se solicitar\u00e1n una serie de datos necesarios a fin de poder hacer el estudio correspondiente en lo que respecta al cumplimiento de los requisitos. Todos ellos, salvo en los que expresamente se diga lo contrario, son obligatorios por ser necesarios para la adecuada gesti\u00f3n del pedido:\n<ol>\n<li>Nombre y apellidos<\/li>\n<li>Phone<\/li>\n<li>Edad<\/li>\n<li>DNI<\/li>\n<li>Email<\/li>\n<li>Certificado de piloto o de operador. Con que tenga uno o tenga otro, vale para poder ser socio.<\/li>\n<\/ol>\n<\/li>\n<li>Realizar el pago de la cuota de membres\u00eda correspondiente. Al hacer clic en \u00abAceptar\u00bb, el usuario reconoce haber le\u00eddo, comprendido y aceptado plenamente estos t\u00e9rminos y condiciones.<\/li>\n<li>Tras este chekout se remitir\u00e1 un correo electr\u00f3nico autom\u00e1tico en el que se confirmar\u00e1 la adhesi\u00f3n a la membres\u00eda.<\/li>\n<li>Igualmente, una vez hecho el pago a trav\u00e9s de los medios habilitados en el sitio web, se generar\u00e1 de forma autom\u00e1tica un correo electr\u00f3nico de aviso que llegar\u00e1 a la direcci\u00f3n del PRESTADOR.<\/li>\n<\/ol>\n<p>AEPDRON\u00ae dispondr\u00e1 de un plazo de quince (15) d\u00edas h\u00e1biles posterior a la solicitud de ingreso para estimar o desestimar la solicitud, siendo el caso que de ser desestimado el ingreso se le reembolsar\u00e1 al solicitante el importe total aportado en concepto de ingreso y membres\u00eda en la mayor brevedad posible.<\/p>\n<p>Antes de formalizar la adhesi\u00f3n, por tanto, el usuario estar\u00e1 obligado a aceptar, mediante la marcaci\u00f3n en una casilla, estos t\u00e9rminos y condiciones, y cualesquiera que afecten a la gesti\u00f3n de los servicios ofrecidos, como condiciones generales de contrataci\u00f3n o informaci\u00f3n relativa a las mismas. En caso de no marcar la casilla de aceptaci\u00f3n en se\u00f1al de comprensi\u00f3n y aceptaci\u00f3n de las presentes Condiciones, no ser\u00e1 posible llegar a efectuar la contrataci\u00f3n.<\/p>\n<p>La formalizaci\u00f3n del contrato o se entiende realizada en el mismo momento de la confirmaci\u00f3n de la aceptaci\u00f3n de las condiciones generales por parte del usuario.<\/p>\n<p>Para el caso de que el usuario tuviera cualquier duda sobre la informaci\u00f3n de la que dispone en la Web, puede contactar con el prestador antes de llevar a cabo la contrataci\u00f3n en la direcci\u00f3n de correo electr\u00f3nico indicada m\u00e1s arriba.<\/p>\n<p><strong>PROCEDIMIENTO Y REQUISITOS DE MEMBRES\u00cdA<\/strong><\/p>\n<p><strong>I.- Requisitos para ingresar a AEPDRON\u00ae como miembro de pleno derecho.<\/strong><\/p>\n<ol>\n<li>Cumplimentar el formulario de inscripci\u00f3n en todos sus campos obligatorios.<\/li>\n<li>Estar registrado ante la autoridad competente AESA, como Operador y\/o Piloto de UAS\/DRON.<\/li>\n<li>Realizar el pago de cuotas establecido en el Reglamento interno de la <strong>Asociaci\u00f3n<\/strong>, cuyo importe ser\u00e1 acordado en Junta Directiva y publicado en los medios establecidos y al alcance del interesado.<\/li>\n<\/ol>\n<p><strong>II.- Periodo de Membres\u00eda:<\/strong><\/p>\n<ul>\n<\/ul>La membres\u00eda tiene una duraci\u00f3n de un (1) a\u00f1o a partir de la fecha de inscripci\u00f3n, debiendo renovarse cada a\u00f1o mediante el pago de la cuota correspondiente al nuevo periodo.<ul>\n<\/ul>\n<p><strong>III.- Costo de la membres\u00eda <\/strong><\/p>\n<p>El derecho a membres\u00eda se divide en dos cuotas:<\/p>\n<ol>\n<li>Un primer pago \u00fanico relativo a la inscripci\u00f3n, que permitir\u00e1 sostener la entrega de un Kit de bienvenida, diploma de pertenencia, acreditaci\u00f3n\/carn\u00e9 como miembro de la asociaci\u00f3n y otros gastos que se generan del alta del nuevo miembro.\n<ol>\n<\/ol><ul><li>A todas las personas que se inscriban antes del y treinta y uno (31) de mayo de dos mil veinticuatro (2024), quedaran exentos de abonar esta cuota.<\/li><\/ul><ol>\n<\/ol>\n<\/li>\n<li>Una cuota anual que permitir\u00e1 sostener, los gastos administrativos de <strong>AEPDRON\u00ae<\/strong>, en sus operaciones diarias en beneficio de los <strong>Asociados<\/strong>. Esta cuota se renueva cada a\u00f1o.<\/li>\n<\/ol>\n<p>Ambas cuotas estar\u00e1n establecidas en los medios necesarios y al alcance de los interesados y su importe estar\u00e1 acordado en junta directiva y aprobadas por la Asamblea General.<\/p>\n<p>The <strong>asociado<\/strong> puede elegir libremente abonar la cuota anual mediante transferencia bancaria o pago con tarjeta. Previamente, tendr\u00e1 que rellenar el formulario de inscripci\u00f3n con sus datos personales y su DNI\/NIE\/PASAPORTE y correo electr\u00f3nico, a fin de identificar correctamente el pago y poder emitir el recibo correspondiente.<\/p>\n<p>En caso de no querer renovar su membres\u00eda para el siguiente periodo, el <strong>Asociado<\/strong> puede comunicarlo a <strong>AEPDRON\u00ae<\/strong> a trav\u00e9s del correo electr\u00f3nico <a href=\"mailto:aepdron@aepdron.com\">aepdron@aepdron.com<\/a>.<\/p>\n<p><strong>IV.- Beneficios de la Membres\u00eda:<\/strong><\/p>\n<p>El pago de la membres\u00eda y cuota anual otorga acceso al <strong>Asociado<\/strong> a todos los beneficios que <strong>AEPDRON\u00ae<\/strong> otorga, incluyendo un Kit de Bienvenida y un carnet que lo acredita como <strong>Asociado<\/strong> de la misma por el periodo de duraci\u00f3n de la cuota.<\/p>\n<p><strong>V.- Aceptaci\u00f3n de Estatutos y Objetivos:<\/strong><\/p>\n<p>Al realizar la solicitud de ingreso y el correspondiente pago de la cuota, el <strong>Asociado<\/strong> reconoce y acepta estar conforme con los estatutos de la <strong>Asociaci\u00f3n<\/strong> y con los objetivos de esta, los cuales est\u00e1n publicados en el sitio web oficial de <strong>AEPDRON\u00ae<\/strong>.<\/p>\n<p><strong>VI.- Compromiso y Participaci\u00f3n:<\/strong><\/p>\n<p>Mediante la participaci\u00f3n del <strong>Asociado<\/strong> como miembro activo de <strong>AEPDRON\u00ae<\/strong>, este respalda activamente la defensa integral de los operadores y pilotos de dron en Espa\u00f1a, de acuerdo con los objetivos establecidos por <strong>AEPDRON\u00ae<\/strong> y de conformidad con los estatutos que rigen su funcionamiento interno.<\/p>\n<p>La participaci\u00f3n en la <strong>Asociaci\u00f3n<\/strong> implica un compromiso con el bien com\u00fan de los usuarios de dron en su totalidad, incluyendo a profesionales y aficionados, velando por el cumplimiento global e individual de las normativas y reglamentaciones vigentes; excluyendo cualquier inter\u00e9s individual sobre los de la comunidad.<\/p>\n<p><strong>VII.- Categor\u00eda de socios y\/o miembros:<\/strong><\/p>\n<ol>\n<li><strong>Socios Fundadores: <\/strong>Ser\u00e1n considerados socios Fundadores, todos aquellos miembros, adem\u00e1s de los que aparecen en el acta fundacional, que se inscriban y realicen su aportaci\u00f3n de cuotas antes del treinta y uno (31) de Mayo de dos mil veinticuatro (2024).<\/li>\n<li><strong>Socios Activos:<\/strong> Miembros que han completado el proceso de inscripci\u00f3n y han pagado su cuota de membres\u00eda correspondiente dentro del per\u00edodo establecido.<\/li>\n<li><strong>Socios Colaboradores:<\/strong> Personas, empresas u organizaciones que apoyan activamente los objetivos y actividades de la <strong>Asociaci\u00f3n<\/strong> mediante contribuciones espec\u00edficas.<\/li>\n<li><strong>Socios Honorarios:<\/strong> Personas o entidades reconocidos por su destacada contribuci\u00f3n al universo de los drones y\/o al apoyo continuo de <strong>AEPDRON\u00ae<\/strong>.<\/li>\n<li><strong>Socios Patrocinadores:<\/strong> Empresas o particulares que proporcionan apoyo financiero, material o log\u00edstico a <strong>AEPDRON\u00ae<\/strong>.<\/li>\n<\/ol>\n<p><strong>FORMA DE PAGO<\/strong><\/p>\n<p>El prestador pone al servicio de los usuarios diferentes medios de pago:<\/p>\n<p><strong><u>Tarjeta de cr\u00e9dito\/d\u00e9bito:<\/u><\/strong><\/p>\n<p>El usuario puede pagar utilizando las tarjetas de d\u00e9bito o cr\u00e9dito Visa, MasterCard, as\u00ed como cualquier tarjeta que sea admitida por la plataforma de pago.<\/p>\n<p>Los datos de su tarjeta de cr\u00e9dito se env\u00edan directamente a la pasarela de pagos correspondiente para la liquidaci\u00f3n del pago con tu entidad bancaria. La p\u00e1gina web cuenta con certificado SSL (Secure Sockets Layer), un est\u00e1ndar de seguridad global que asegura que el env\u00edo de datos entre el sistema emisor y receptor se realiza de forma encriptada.<\/p>\n<p>Nadie por parte del <strong>PRESTADOR<\/strong> puede tener acceso a los datos de tu tarjeta de cr\u00e9dito, ni durante el pago, ni posteriormente.<\/p>\n<p><strong><u>PayPal:<\/u><\/strong><\/p>\n<p>PayPal permite a cualquier empresa o consumidor individual que tenga una direcci\u00f3n de correo electr\u00f3nico, enviar y recibir pagos de forma segura. En la opci\u00f3n de \u201cPagar con PayPal\u201d, el usuario podr\u00e1 acceder a la p\u00e1gina web segura de PayPal. Una vez all\u00ed, si ya posee una cuenta PayPal, podr\u00e1 autorizar el pago.<\/p>\n<p>Si todav\u00eda no posee una cuenta PayPal, podr\u00e1 registrarse de forma gratuita, incluyendo su tarjeta de d\u00e9bito o cr\u00e9dito, y podr\u00e1 realizar los pagos de sus pedidos. El uso de PayPal como medio de pago online es seguro.<\/p>\n<p><strong>DERECHO DE DESISTIMIENTO<\/strong><\/p>\n<p>La normativa vigente, en este caso el Real Decreto Legislativo 1\/2007, de 16 de noviembre, por el que se aprueba el texto refundido de la Ley General para la Defensa de los Consumidores y Usuarios y otras leyes complementarias dispone que el usuario dispondr\u00e1 de un plazo de catorce d\u00edas naturales contados a partir de la fecha de recepci\u00f3n del producto o contrataci\u00f3n del servicio para ejercer su derecho de desistimiento, debiendo restituirse las partes rec\u00edprocamente las prestaciones de acuerdo con lo dispuesto en los art\u00edculos 1.303 y 1.308 del C\u00f3digo Civil.<\/p>\n<p>El derecho de desistimiento, no obstante, no resultar\u00e1 aplicable en determinados casos. En concreto, la excepci\u00f3n recogida en el art\u00edculo 103. A) del mismo cuerpo legal, establece que no proceder\u00e1 el derecho de desistimiento:<\/p>\n<p><em>a) La prestaci\u00f3n de servicios, una vez que el servicio haya sido completamente ejecutado, cuando la ejecuci\u00f3n haya comenzado, con previo consentimiento expreso del consumidor y usuario y con el reconocimiento por su parte de que es consciente de que, una vez que el contrato haya sido completamente ejecutado por el empresario, habr\u00e1 perdido su derecho de desistimiento<\/em><\/p>\n<p>El Asociado, por tanto, tiene un per\u00edodo de 14 d\u00edas para desistir del contrato sin necesidad de indicar un motivo y sin incurrir en ning\u00fan coste, salvo el establecido como costo de impresi\u00f3n del carn\u00e9, diploma de pertenencia y kit de bienvenida entregado en su registro, salvo que realice una devoluci\u00f3n completa de los art\u00edculos mencionados en buen estado.<\/p>\n<p><strong>CONDICIONES DE DEVOLUCI\u00d3N:<\/strong><\/p>\n<p>Sin perjuicio del apartado anterior respecto del derecho de desistimiento, el asociado podr\u00e1 igualmente anular y devolver su membres\u00eda,<\/p>\n<p>Pasado este plazo, si el Asociado desea revocar su inscripci\u00f3n, la devoluci\u00f3n se realizar\u00e1 de forma proporcional al per\u00edodo de tiempo inscrito, hasta un m\u00e1ximo de 6 meses. El reembolso se realizar\u00e1 en un plazo m\u00e1ximo de 6 meses y a trav\u00e9s de transferencia bancaria<\/p>\n<p><strong>P\u00c9RDIDA DE MEMBRES\u00cdA:<\/strong><\/p>\n<p>The <strong>Asociado<\/strong> puede perder su membres\u00eda en caso de incumplimiento de las normas y estatutos de la <strong>Asociaci\u00f3n<\/strong>, as\u00ed como por llevar a cabo faltas de respeto hacia la misma y sus miembros.<\/p>\n<p>Los <strong>asociados<\/strong> tambi\u00e9n podr\u00e1n perder su membres\u00eda en caso de incumplir su obligaci\u00f3n de pago de las cuotas que les correspondan. Pasados cuarenta y cinco (45) d\u00edas naturales de impago de la correspondiente cuota de renovaci\u00f3n de la membres\u00eda, salvo que exista acuerdo escrito de excepci\u00f3n por parte de la Junta Directiva y previa solicitud del <strong>Asociado<\/strong>, exponiendo motivos.<\/p>\n<p>La <strong>Asociaci\u00f3n<\/strong> se reserva el derecho de admisi\u00f3n de los miembros.<\/p>\n<p><strong>LEY APLICABLE Y JURISDICCI\u00d3N<\/strong><\/p>\n<p>Estas condiciones se regir\u00e1n o interpretar\u00e1n conforme a la legislaci\u00f3n espa\u00f1ola. El prestador y el usuario acuerdan someter cualquier controversia que pudiera suscitarse de la prestaci\u00f3n de los productos o servicios objeto de estas Condiciones a los Juzgados y Tribunales del domicilio del usuario.<\/p>\n<p><strong>VIGENCIA DE LOS PRESENTES T\u00c9RMINOS Y CONDICIONES:<\/strong><\/p>\n<p>The <strong>PRESTADOR <\/strong>se reserva el derecho de modificar estos t\u00e9rminos y condiciones en cualquier momento, previa notificaci\u00f3n a sus miembros.<\/p>\t\t\t\t\t\t\t\t<\/div>\n\t\t\t\t<\/div>\n\t\t\t\t\t<\/div>\n\t\t<\/div>\n\t\t\t\t\t<\/div>\n\t\t<\/section>\n\t\t\t\t<\/div>","protected":false},"excerpt":{"rendered":"<p>A continuaci\u00f3n, se expone el documento contractual que regir\u00e1 la adhesi\u00f3n a trav\u00e9s del sitio web&nbsp; de ASOCIACI\u00d3N ESPA\u00d1OLA DE PILOTOS DE DRON (AEPDRON), con CIF G56875511, y domicilio social en Madrid, Calle Crist\u00f3bal Bordi\u00fa, n\u00ba 22, CP 28023, inscrita en el Registro Nacional de Asociaciones, Grupo 1, Secci\u00f3n 1, N\u00famero Nacional 627265.&nbsp; La aceptaci\u00f3n [&hellip;]<\/p>\n","protected":false},"author":2,"featured_media":0,"parent":0,"menu_order":0,"comment_status":"closed","ping_status":"closed","template":"elementor_header_footer","meta":{"pmpro_default_level":"","_joinchat":[],"footnotes":""},"class_list":["post-308","page","type-page","status-publish","hentry","pmpro-has-access"],"_links":{"self":[{"href":"https:\/\/aepdron.com\/en\/wp-json\/wp\/v2\/pages\/308","targetHints":{"allow":["GET"]}}],"collection":[{"href":"https:\/\/aepdron.com\/en\/wp-json\/wp\/v2\/pages"}],"about":[{"href":"https:\/\/aepdron.com\/en\/wp-json\/wp\/v2\/types\/page"}],"author":[{"embeddable":true,"href":"https:\/\/aepdron.com\/en\/wp-json\/wp\/v2\/users\/2"}],"replies":[{"embeddable":true,"href":"https:\/\/aepdron.com\/en\/wp-json\/wp\/v2\/comments?post=308"}],"version-history":[{"count":5,"href":"https:\/\/aepdron.com\/en\/wp-json\/wp\/v2\/pages\/308\/revisions"}],"predecessor-version":[{"id":1301,"href":"https:\/\/aepdron.com\/en\/wp-json\/wp\/v2\/pages\/308\/revisions\/1301"}],"wp:attachment":[{"href":"https:\/\/aepdron.com\/en\/wp-json\/wp\/v2\/media?parent=308"}],"curies":[{"name":"wp","href":"https:\/\/api.w.org\/{rel}","templated":true}]}}