{"id":1205,"date":"2025-03-17T10:15:46","date_gmt":"2025-03-17T10:15:46","guid":{"rendered":"https:\/\/aepdron.com\/?page_id=1205"},"modified":"2025-03-20T13:17:44","modified_gmt":"2025-03-20T13:17:44","slug":"dronterapia","status":"publish","type":"page","link":"https:\/\/aepdron.com\/en\/dronterapia\/","title":{"rendered":"DRONTERAPIA"},"content":{"rendered":"<div data-elementor-type=\"wp-page\" data-elementor-id=\"1205\" class=\"elementor elementor-1205\" data-elementor-post-type=\"page\">\n\t\t\t\t\t\t<section class=\"elementor-section elementor-top-section elementor-element elementor-element-be424aa elementor-section-height-min-height elementor-section-items-bottom elementor-section-boxed elementor-section-height-default\" data-id=\"be424aa\" data-element_type=\"section\" data-e-type=\"section\" data-settings=\"{&quot;background_background&quot;:&quot;classic&quot;,&quot;jet_parallax_layout_list&quot;:[]}\">\n\t\t\t\t\t\t<div class=\"elementor-container elementor-column-gap-default\">\n\t\t\t\t\t<div class=\"elementor-column elementor-col-50 elementor-top-column elementor-element elementor-element-034c767 elementor-invisible\" data-id=\"034c767\" data-element_type=\"column\" data-e-type=\"column\" data-settings=\"{&quot;background_background&quot;:&quot;classic&quot;,&quot;animation&quot;:&quot;fadeInLeft&quot;}\">\n\t\t\t<div class=\"elementor-widget-wrap elementor-element-populated\">\n\t\t\t\t\t\t<div class=\"elementor-element elementor-element-7da65f8 elementor-widget elementor-widget-heading\" data-id=\"7da65f8\" data-element_type=\"widget\" data-e-type=\"widget\" data-widget_type=\"heading.default\">\n\t\t\t\t<div class=\"elementor-widget-container\">\n\t\t\t\t\t<h1 class=\"elementor-heading-title elementor-size-default\">DRONTERAPIA<sup>\u00ae<\/sup><\/h1>\t\t\t\t<\/div>\n\t\t\t\t<\/div>\n\t\t\t\t<div class=\"elementor-element elementor-element-5434944 elementor-widget elementor-widget-text-editor\" data-id=\"5434944\" data-element_type=\"widget\" data-e-type=\"widget\" data-widget_type=\"text-editor.default\">\n\t\t\t\t<div class=\"elementor-widget-container\">\n\t\t\t\t\t\t\t\t\t<p>El programa DRONTERAPIA\u00ae es una iniciativa innovadora desarrollada por la Asociaci\u00f3n Espa\u00f1ola de Pilotos de Dron, AEPDRON\u00ae en colaboraci\u00f3n con la empresa Asesor\u00eda, Consultor\u00eda, Capacitaci\u00f3n y Certificaci\u00f3n Especializada, ACCCE\u00ae y Core Psic\u00f3logos Madrid.<\/p>\t\t\t\t\t\t\t\t<\/div>\n\t\t\t\t<\/div>\n\t\t\t\t\t<\/div>\n\t\t<\/div>\n\t\t\t\t<div class=\"elementor-column elementor-col-50 elementor-top-column elementor-element elementor-element-50ba5f0 elementor-invisible\" data-id=\"50ba5f0\" data-element_type=\"column\" data-e-type=\"column\" data-settings=\"{&quot;background_background&quot;:&quot;classic&quot;,&quot;animation&quot;:&quot;fadeInLeft&quot;}\">\n\t\t\t<div class=\"elementor-widget-wrap elementor-element-populated\">\n\t\t\t\t\t\t<div class=\"elementor-element elementor-element-03e0957 elementor-widget elementor-widget-text-editor\" data-id=\"03e0957\" data-element_type=\"widget\" data-e-type=\"widget\" data-widget_type=\"text-editor.default\">\n\t\t\t\t<div class=\"elementor-widget-container\">\n\t\t\t\t\t\t\t\t\t<p>Esta iniciativa tiene como objetivo proporcionar equilibrio y estabilidad emocional a personas con discapacidad f\u00edsica, cognitiva y\/o dificultades emocionales como Fobia Social, Ansiedad Generalizada, depresi\u00f3n y transtorno por estr\u00e9s postraum\u00e1tico, Entre otras mediante la pr\u00e1ctica del vuelo de drones.<\/p>\t\t\t\t\t\t\t\t<\/div>\n\t\t\t\t<\/div>\n\t\t\t\t\t<\/div>\n\t\t<\/div>\n\t\t\t\t\t<\/div>\n\t\t<\/section>\n\t\t\t\t<section class=\"elementor-section elementor-top-section elementor-element elementor-element-8218831 elementor-section-boxed elementor-section-height-default elementor-section-height-default\" data-id=\"8218831\" data-element_type=\"section\" data-e-type=\"section\" data-settings=\"{&quot;jet_parallax_layout_list&quot;:[]}\">\n\t\t\t\t\t\t<div class=\"elementor-container elementor-column-gap-default\">\n\t\t\t\t\t<div class=\"elementor-column elementor-col-100 elementor-top-column elementor-element elementor-element-2f5416c\" data-id=\"2f5416c\" data-element_type=\"column\" data-e-type=\"column\">\n\t\t\t<div class=\"elementor-widget-wrap elementor-element-populated\">\n\t\t\t\t\t\t<div class=\"elementor-element elementor-element-55f6543 elementor-widget elementor-widget-spacer\" data-id=\"55f6543\" data-element_type=\"widget\" data-e-type=\"widget\" data-widget_type=\"spacer.default\">\n\t\t\t\t<div class=\"elementor-widget-container\">\n\t\t\t\t\t\t\t<div class=\"elementor-spacer\">\n\t\t\t<div class=\"elementor-spacer-inner\"><\/div>\n\t\t<\/div>\n\t\t\t\t\t\t<\/div>\n\t\t\t\t<\/div>\n\t\t\t\t\t<\/div>\n\t\t<\/div>\n\t\t\t\t\t<\/div>\n\t\t<\/section>\n\t\t\t\t<section class=\"elementor-section elementor-top-section elementor-element elementor-element-247c168 elementor-section-boxed elementor-section-height-default elementor-section-height-default\" data-id=\"247c168\" data-element_type=\"section\" data-e-type=\"section\" data-settings=\"{&quot;jet_parallax_layout_list&quot;:[]}\">\n\t\t\t\t\t\t<div class=\"elementor-container elementor-column-gap-default\">\n\t\t\t\t\t<div class=\"elementor-column elementor-col-100 elementor-top-column elementor-element elementor-element-f2f0a62\" data-id=\"f2f0a62\" data-element_type=\"column\" data-e-type=\"column\">\n\t\t\t<div class=\"elementor-widget-wrap elementor-element-populated\">\n\t\t\t\t\t\t<div class=\"elementor-element elementor-element-da86a16 elementor-widget elementor-widget-heading\" data-id=\"da86a16\" data-element_type=\"widget\" data-e-type=\"widget\" data-widget_type=\"heading.default\">\n\t\t\t\t<div class=\"elementor-widget-container\">\n\t\t\t\t\t<h2 class=\"elementor-heading-title elementor-size-default\">OBJETIVO DEL PROGRAMA<\/h2>\t\t\t\t<\/div>\n\t\t\t\t<\/div>\n\t\t\t\t\t<\/div>\n\t\t<\/div>\n\t\t\t\t\t<\/div>\n\t\t<\/section>\n\t\t\t\t<section class=\"elementor-section elementor-top-section elementor-element elementor-element-05011c6 elementor-section-boxed elementor-section-height-default elementor-section-height-default\" data-id=\"05011c6\" data-element_type=\"section\" data-e-type=\"section\" data-settings=\"{&quot;jet_parallax_layout_list&quot;:[]}\">\n\t\t\t\t\t\t<div class=\"elementor-container elementor-column-gap-default\">\n\t\t\t\t\t<div class=\"elementor-column elementor-col-100 elementor-top-column elementor-element elementor-element-0efcf6e\" data-id=\"0efcf6e\" data-element_type=\"column\" data-e-type=\"column\">\n\t\t\t<div class=\"elementor-widget-wrap elementor-element-populated\">\n\t\t\t\t\t\t<div class=\"elementor-element elementor-element-a1d1cea elementor-widget elementor-widget-text-editor\" data-id=\"a1d1cea\" data-element_type=\"widget\" data-e-type=\"widget\" data-widget_type=\"text-editor.default\">\n\t\t\t\t<div class=\"elementor-widget-container\">\n\t\t\t\t\t\t\t\t\t<p>El programa DRONTERAPIA\u00ae no solo mejora el bienestar emocional y la calidad de vida de los participantes a trav\u00e9s de la estimulaci\u00f3n sensorial, cognitiva y motriz, sino que tambi\u00e9n tiene un impacto positivo en sus familias y en la sociedad en general. Al promover la inclusi\u00f3n, reducir el estr\u00e9s y fortalecer las relaciones sociales, este innovador programa contribuye a una comunidad m\u00e1s inclusiva y comprensiva.<\/p>\t\t\t\t\t\t\t\t<\/div>\n\t\t\t\t<\/div>\n\t\t\t\t\t<\/div>\n\t\t<\/div>\n\t\t\t\t\t<\/div>\n\t\t<\/section>\n\t\t\t\t<section class=\"elementor-section elementor-top-section elementor-element elementor-element-331b99e elementor-section-boxed elementor-section-height-default elementor-section-height-default\" data-id=\"331b99e\" data-element_type=\"section\" data-e-type=\"section\" data-settings=\"{&quot;jet_parallax_layout_list&quot;:[]}\">\n\t\t\t\t\t\t<div class=\"elementor-container elementor-column-gap-default\">\n\t\t\t\t\t<div class=\"elementor-column elementor-col-100 elementor-top-column elementor-element elementor-element-07ef73e\" data-id=\"07ef73e\" data-element_type=\"column\" data-e-type=\"column\">\n\t\t\t<div class=\"elementor-widget-wrap elementor-element-populated\">\n\t\t\t\t\t\t<div class=\"elementor-element elementor-element-b02f859 elementor-widget elementor-widget-html\" data-id=\"b02f859\" data-element_type=\"widget\" data-e-type=\"widget\" data-widget_type=\"html.default\">\n\t\t\t\t<div class=\"elementor-widget-container\">\n\t\t\t\t\t<iframe allowfullscreen=\"allowfullscreen\" scrolling=\"no\" class=\"fp-iframe\" src=\"https:\/\/heyzine.com\/flip-book\/a7a2e822ce.html\" style=\"border: 1px solid lightgray; width: 100%; height: 900px;\"><\/iframe>\t\t\t\t<\/div>\n\t\t\t\t<\/div>\n\t\t\t\t\t<\/div>\n\t\t<\/div>\n\t\t\t\t\t<\/div>\n\t\t<\/section>\n\t\t\t\t<section class=\"elementor-section elementor-top-section elementor-element elementor-element-1146c42 elementor-section-boxed elementor-section-height-default elementor-section-height-default\" data-id=\"1146c42\" data-element_type=\"section\" data-e-type=\"section\" data-settings=\"{&quot;jet_parallax_layout_list&quot;:[]}\">\n\t\t\t\t\t\t<div class=\"elementor-container elementor-column-gap-default\">\n\t\t\t\t\t<div class=\"elementor-column elementor-col-100 elementor-top-column elementor-element elementor-element-12c3fb8\" data-id=\"12c3fb8\" data-element_type=\"column\" data-e-type=\"column\">\n\t\t\t<div class=\"elementor-widget-wrap elementor-element-populated\">\n\t\t\t\t\t\t<div class=\"elementor-element elementor-element-7355153 elementor-align-center elementor-widget elementor-widget-button\" data-id=\"7355153\" data-element_type=\"widget\" data-e-type=\"widget\" data-widget_type=\"button.default\">\n\t\t\t\t<div class=\"elementor-widget-container\">\n\t\t\t\t\t\t\t\t\t<div class=\"elementor-button-wrapper\">\n\t\t\t\t\t<a class=\"elementor-button elementor-button-link elementor-size-sm\" href=\"https:\/\/aepdron.com\/en\/contacto\/\">\n\t\t\t\t\t\t<span class=\"elementor-button-content-wrapper\">\n\t\t\t\t\t\t\t\t\t<span class=\"elementor-button-text\">DO YOU WANT TO KNOW MORE?<\/span>\n\t\t\t\t\t<\/span>\n\t\t\t\t\t<\/a>\n\t\t\t\t<\/div>\n\t\t\t\t\t\t\t\t<\/div>\n\t\t\t\t<\/div>\n\t\t\t\t\t<\/div>\n\t\t<\/div>\n\t\t\t\t\t<\/div>\n\t\t<\/section>\n\t\t\t\t<\/div>","protected":false},"excerpt":{"rendered":"<p>DRONTERAPIA\u00ae El programa DRONTERAPIA\u00ae es una iniciativa innovadora desarrollada por la Asociaci\u00f3n Espa\u00f1ola de Pilotos de Dron, AEPDRON\u00ae en colaboraci\u00f3n con la empresa Asesor\u00eda, Consultor\u00eda, Capacitaci\u00f3n y Certificaci\u00f3n Especializada, ACCCE\u00ae y Core Psic\u00f3logos Madrid. Esta iniciativa tiene como objetivo proporcionar equilibrio y estabilidad emocional a personas con discapacidad f\u00edsica, cognitiva y\/o dificultades emocionales como Fobia [&hellip;]<\/p>\n","protected":false},"author":1,"featured_media":0,"parent":0,"menu_order":0,"comment_status":"closed","ping_status":"closed","template":"","meta":{"pmpro_default_level":"","_joinchat":[],"footnotes":""},"class_list":["post-1205","page","type-page","status-publish","hentry","pmpro-has-access"],"_links":{"self":[{"href":"https:\/\/aepdron.com\/en\/wp-json\/wp\/v2\/pages\/1205","targetHints":{"allow":["GET"]}}],"collection":[{"href":"https:\/\/aepdron.com\/en\/wp-json\/wp\/v2\/pages"}],"about":[{"href":"https:\/\/aepdron.com\/en\/wp-json\/wp\/v2\/types\/page"}],"author":[{"embeddable":true,"href":"https:\/\/aepdron.com\/en\/wp-json\/wp\/v2\/users\/1"}],"replies":[{"embeddable":true,"href":"https:\/\/aepdron.com\/en\/wp-json\/wp\/v2\/comments?post=1205"}],"version-history":[{"count":16,"href":"https:\/\/aepdron.com\/en\/wp-json\/wp\/v2\/pages\/1205\/revisions"}],"predecessor-version":[{"id":1280,"href":"https:\/\/aepdron.com\/en\/wp-json\/wp\/v2\/pages\/1205\/revisions\/1280"}],"wp:attachment":[{"href":"https:\/\/aepdron.com\/en\/wp-json\/wp\/v2\/media?parent=1205"}],"curies":[{"name":"wp","href":"https:\/\/api.w.org\/{rel}","templated":true}]}}